{"id":93,"date":"2023-06-13T14:58:09","date_gmt":"2023-06-13T17:58:09","guid":{"rendered":"https:\/\/ferreteriadedos.com.ar\/?page_id=93"},"modified":"2024-02-29T12:58:20","modified_gmt":"2024-02-29T15:58:20","slug":"nosotros","status":"publish","type":"page","link":"https:\/\/ferreteriadedos.com.ar\/?page_id=93","title":{"rendered":"\u00bfQui\u00e9nes Somos?"},"content":{"rendered":"\n<div class=\"wp-block-group\"><div class=\"wp-block-group__inner-container is-layout-constrained wp-block-group-is-layout-constrained\">\n<div class=\"wp-block-columns is-layout-flex wp-container-core-columns-is-layout-9d6595d7 wp-block-columns-is-layout-flex\">\n<div class=\"wp-block-column is-layout-flow wp-block-column-is-layout-flow\" style=\"flex-basis:200%\">\n<div class=\"wp-block-group\"><div class=\"wp-block-group__inner-container is-layout-constrained wp-block-group-is-layout-constrained\">\n<div class=\"wp-block-media-text has-media-on-the-right is-stacked-on-mobile\" style=\"grid-template-columns:auto 34%\"><div class=\"wp-block-media-text__content\">\n<h4 class=\"wp-block-heading has-black-color has-text-color\" style=\"font-size:25px;font-style:normal;font-weight:200;text-transform:none\"><strong>Somos una Ferreter\u00eda Industrial con 30 a\u00f1os de trayectoria <\/strong>que cuenta con dos sucursales en la ciudad de Lan\u00fas Oeste. Tenemos un equipo especializado en servicio y calidad al cliente, y con amplia experiencia en el rubro. <\/h4>\n\n\n\n<h4 class=\"wp-block-heading has-black-color has-text-color\" style=\"font-size:25px;font-style:normal;font-weight:200;text-transform:none\">Por esta raz\u00f3n, Ferreter\u00eda Dedos se ha ganado un excelente lugar en el mercado a la hora de buscar asesoramiento, garant\u00eda y calidad, siendo actualmente uno de los referentes en el rubro de ferreter\u00eda, m\u00e1quinas y herramientas y todo tipo de accesorios.<\/h4>\n\n\n\n<h4 class=\"wp-block-heading has-black-color has-text-color\" style=\"font-size:25px;font-style:normal;font-weight:200;text-transform:none\">Permanentemente ofrecemos una gran variedad de marcas y modelos, precios muy competitivos, opciones de financiaci\u00f3n y distintos tipos de bonificaciones en las compras.<\/h4>\n\n\n\n<h4 class=\"wp-block-heading has-black-color has-text-color\" style=\"font-size:25px;font-style:normal;font-weight:100;text-transform:none\">En esta nueva etapa renovamos nuestro sitio web, incorporando el amplio cat\u00e1logo de productos virtual, para brindar a sus clientes el mejor servicio y asesoramiento como es costumbre.<\/h4>\n\n\n\n<p><\/p>\n\n\n\n<p><\/p>\n<\/div><figure class=\"wp-block-media-text__media\"><img loading=\"lazy\" decoding=\"async\" width=\"500\" height=\"500\" src=\"https:\/\/ferreteriadedos.com.ar\/wp-content\/uploads\/2023\/10\/2-87.png\" alt=\"\" class=\"wp-image-1175 size-full\" srcset=\"https:\/\/ferreteriadedos.com.ar\/wp-content\/uploads\/2023\/10\/2-87.png 500w, https:\/\/ferreteriadedos.com.ar\/wp-content\/uploads\/2023\/10\/2-87-300x300.png 300w, https:\/\/ferreteriadedos.com.ar\/wp-content\/uploads\/2023\/10\/2-87-150x150.png 150w, https:\/\/ferreteriadedos.com.ar\/wp-content\/uploads\/2023\/10\/2-87-450x450.png 450w\" sizes=\"auto, (max-width: 500px) 100vw, 500px\" \/><\/figure><\/div>\n<\/div><\/div>\n<\/div>\n<\/div>\n<\/div><\/div>\n\n\n\n<div class=\"wp-block-group\"><div class=\"wp-block-group__inner-container is-layout-constrained wp-block-group-is-layout-constrained\">\n<p class=\"has-black-color has-white-background-color has-text-color has-background has-medium-font-size\"><br><\/p>\n<\/div><\/div>\n\n\n\n<div class=\"wp-block-columns is-layout-flex wp-container-core-columns-is-layout-9d6595d7 wp-block-columns-is-layout-flex\">\n<div class=\"wp-block-column is-layout-flow wp-block-column-is-layout-flow\"><\/div>\n<\/div>\n","protected":false},"excerpt":{"rendered":"<p>Somos una Ferreter\u00eda Industrial con 30 a\u00f1os de trayectoria que cuenta con dos sucursales en la ciudad de Lan\u00fas Oeste. Tenemos un equipo especializado en servicio y calidad al cliente, y con amplia experiencia en el rubro. Por esta raz\u00f3n, Ferreter\u00eda Dedos se ha ganado un excelente lugar en el mercado a la hora de [&hellip;]<\/p>\n","protected":false},"author":1,"featured_media":0,"parent":0,"menu_order":0,"comment_status":"closed","ping_status":"closed","template":"","meta":{"footnotes":""},"class_list":["post-93","page","type-page","status-publish","hentry"],"acf":[],"_links":{"self":[{"href":"https:\/\/ferreteriadedos.com.ar\/index.php?rest_route=\/wp\/v2\/pages\/93","targetHints":{"allow":["GET"]}}],"collection":[{"href":"https:\/\/ferreteriadedos.com.ar\/index.php?rest_route=\/wp\/v2\/pages"}],"about":[{"href":"https:\/\/ferreteriadedos.com.ar\/index.php?rest_route=\/wp\/v2\/types\/page"}],"author":[{"embeddable":true,"href":"https:\/\/ferreteriadedos.com.ar\/index.php?rest_route=\/wp\/v2\/users\/1"}],"replies":[{"embeddable":true,"href":"https:\/\/ferreteriadedos.com.ar\/index.php?rest_route=%2Fwp%2Fv2%2Fcomments&post=93"}],"version-history":[{"count":252,"href":"https:\/\/ferreteriadedos.com.ar\/index.php?rest_route=\/wp\/v2\/pages\/93\/revisions"}],"predecessor-version":[{"id":1838,"href":"https:\/\/ferreteriadedos.com.ar\/index.php?rest_route=\/wp\/v2\/pages\/93\/revisions\/1838"}],"wp:attachment":[{"href":"https:\/\/ferreteriadedos.com.ar\/index.php?rest_route=%2Fwp%2Fv2%2Fmedia&parent=93"}],"curies":[{"name":"wp","href":"https:\/\/api.w.org\/{rel}","templated":true}]}}